{"id":585,"date":"2020-10-14T12:50:51","date_gmt":"2020-10-14T10:50:51","guid":{"rendered":"https:\/\/www.wipmed.nl\/?page_id=585"},"modified":"2021-06-04T08:17:23","modified_gmt":"2021-06-04T06:17:23","slug":"einstieg-in","status":"publish","type":"page","link":"https:\/\/www.wipmed.nl\/?page_id=585","title":{"rendered":"Entrance into new market"},"content":{"rendered":"\n<h1>Einstieg in<\/h1>\n\n\n\n<div style=\"height:31px\" aria-hidden=\"true\" class=\"wp-block-spacer\"><\/div>\n\n\n\n<p id=\"block-a19a9f92-34c4-4e7f-b626-13d274b52b64\">Die Maskenproduktion, in die wir seit Anfang M\u00e4rz investieren, startete Ihren ersten Probelauf am 27. Juli diesen Jahres. Seitdem haben wir neben der Installation der Produktionsmaschinerie und dem Reinraum, Fachkr\u00e4fte in den Bereichen Produktion und Management eingestellt (Siehe auch Beitrag <a href=\"https:\/\/www.saechsische.de\/plus\/corona-in-ohorn-werden-jetzt-schutzmasken-produziert-5242628.html\">S\u00e4chsische SZ<\/a>).<\/p>\n\n\n\n<div class=\"wp-block-columns\">\n<div class=\"wp-block-column\" style=\"flex-basis:66.66%\">\n<blockquote class=\"wp-block-quote\"><p>&#8222;<em>Das Ohorner Unternehmen PHB Pulsnitzer Hygiene Berufsbekleidung GmbH will in die Produktion von Schutzmasken einsteigen. Wie [&#8230;] Alfred Wippermann am Donnerstag mitteilte, habe man mit dem Probelauf f\u00fcr die automatisierte Produktion begonnen.<\/em>&#8222;<\/p><cite>Zitiert aus dem Beitrag der <a href=\"https:\/\/www.mdr.de\/sachsen\/bautzen\/bautzen-hoyerswerda-kamenz\/ohorn-produktion-corona-einwegmasken-100.html\">MDR<\/a> [Zugriff am 20.08.2020 12:45]<\/cite><\/blockquote>\n<\/div>\n\n\n\n<div class=\"wp-block-column\" style=\"flex-basis:33.33%\">\n<div class=\"wp-block-image\"><figure class=\"alignleft size-large is-resized\"><img loading=\"lazy\" src=\"https:\/\/www.wipmed.nl\/wp-content\/uploads\/2020\/08\/Ohorn_Schutzmasken_026-3007-20-1024x683.jpg\" alt=\"\" class=\"wp-image-296\" width=\"300\" height=\"199\" srcset=\"https:\/\/www.wipmed.nl\/wp-content\/uploads\/2020\/08\/Ohorn_Schutzmasken_026-3007-20-1024x683.jpg 1024w, https:\/\/www.wipmed.nl\/wp-content\/uploads\/2020\/08\/Ohorn_Schutzmasken_026-3007-20-300x200.jpg 300w, https:\/\/www.wipmed.nl\/wp-content\/uploads\/2020\/08\/Ohorn_Schutzmasken_026-3007-20-768x512.jpg 768w, https:\/\/www.wipmed.nl\/wp-content\/uploads\/2020\/08\/Ohorn_Schutzmasken_026-3007-20-1536x1024.jpg 1536w, https:\/\/www.wipmed.nl\/wp-content\/uploads\/2020\/08\/Ohorn_Schutzmasken_026-3007-20-2048x1365.jpg 2048w\" sizes=\"(max-width: 300px) 100vw, 300px\" \/><\/figure><\/div>\n\n\n\n<p><\/p>\n<\/div>\n<\/div>\n\n\n\n<p id=\"block-807ee162-e86a-48cf-8af7-bc49562a5d12\">Wir setzten im Unternehmen und insbesondere in dem Projekt der Masken auf eine Kombination von erfahrenen Fachkr\u00e4ften als auch jungen Arbeitskr\u00e4ften, die ihre Talente und Werte in der heutigen Zeit unter Beweis stellen wollen. Wie bereits erw\u00e4hnt haben wir uns um den Gesch\u00e4ftsbereich wipmed erweitert. Entgegen dem alten und neuem Trend Arbeitskr\u00e4fte in der Textilindustrie freizustellen, haben wir uns entschieden dem entgegenzuwirken. Wir hoffen mit der Investition in neue Bereiche unseres Unternehmens auch eine Investition in die Zukunft zu leisten.<\/p>\n\n\n\n<figure class=\"wp-block-image\" id=\"block-ec25d4f6-e9e6-4e26-8eb7-3641e99c962c\"><img src=\"https:\/\/www.wipmed.nl\/wp-content\/uploads\/2020\/09\/Ohorn_Schutzmasken_031-3007-20-3200-1024x682.jpg\" alt=\"Dieses Bild hat ein leeres Alt-Attribut. Der Dateiname ist Ohorn_Schutzmasken_031-3007-20-3200-1024x682.jpg\"\/><figcaption>Ein Teil der unterst\u00fctzenden H\u00e4nde im Projekt &#8222;wipmed&#8220; unserer PHB. Zu sehen sind Fachkr\u00e4fte aus der Produktion, dem Realisationsmangement und dem Vertrieb. Bild vom Probelauf am 27.07.20.<\/figcaption><\/figure>\n","protected":false},"excerpt":{"rendered":"<p>Einstieg in Die Maskenproduktion, in die wir seit Anfang M\u00e4rz investieren, startete Ihren ersten Probelauf am 27. Juli diesen Jahres. Seitdem haben wir neben der Installation der Produktionsmaschinerie und dem Reinraum, Fachkr\u00e4fte in den Bereichen Produktion und Management eingestellt (Siehe auch Beitrag S\u00e4chsische SZ). &#8222;Das Ohorner Unternehmen PHB Pulsnitzer Hygiene Berufsbekleidung GmbH will in die &hellip; <\/p>\n<p class=\"link-more\"><a href=\"https:\/\/www.wipmed.nl\/?page_id=585\" class=\"more-link\"><span class=\"screen-reader-text\">\u201eEntrance into new market\u201c<\/span> weiterlesen<\/a><\/p>\n","protected":false},"author":1,"featured_media":0,"parent":0,"menu_order":0,"comment_status":"closed","ping_status":"closed","template":"","meta":[],"_links":{"self":[{"href":"https:\/\/www.wipmed.nl\/index.php?rest_route=\/wp\/v2\/pages\/585"}],"collection":[{"href":"https:\/\/www.wipmed.nl\/index.php?rest_route=\/wp\/v2\/pages"}],"about":[{"href":"https:\/\/www.wipmed.nl\/index.php?rest_route=\/wp\/v2\/types\/page"}],"author":[{"embeddable":true,"href":"https:\/\/www.wipmed.nl\/index.php?rest_route=\/wp\/v2\/users\/1"}],"replies":[{"embeddable":true,"href":"https:\/\/www.wipmed.nl\/index.php?rest_route=%2Fwp%2Fv2%2Fcomments&post=585"}],"version-history":[{"count":3,"href":"https:\/\/www.wipmed.nl\/index.php?rest_route=\/wp\/v2\/pages\/585\/revisions"}],"predecessor-version":[{"id":773,"href":"https:\/\/www.wipmed.nl\/index.php?rest_route=\/wp\/v2\/pages\/585\/revisions\/773"}],"wp:attachment":[{"href":"https:\/\/www.wipmed.nl\/index.php?rest_route=%2Fwp%2Fv2%2Fmedia&parent=585"}],"curies":[{"name":"wp","href":"https:\/\/api.w.org\/{rel}","templated":true}]}}